{"id":8986,"date":"2022-04-22T15:34:45","date_gmt":"2022-04-22T15:34:45","guid":{"rendered":"https:\/\/polargenerator.com\/?page_id=8986"},"modified":"2022-04-22T15:50:07","modified_gmt":"2022-04-22T15:50:07","slug":"polar-p20hd-mbl","status":"publish","type":"page","link":"https:\/\/www.polargenerator.com\/en\/polar-p20hd-mbl\/","title":{"rendered":"Polar P20hd MBL"},"content":{"rendered":"<div data-elementor-type=\"wp-page\" data-elementor-id=\"8986\" class=\"elementor elementor-8986\" data-elementor-settings=\"[]\">\n\t\t\t\t\t\t\t<div class=\"elementor-section-wrap\">\n\t\t\t\t\t\t\t<section class=\"elementor-section elementor-top-section elementor-element elementor-element-e312dd4 elementor-section-boxed elementor-section-height-default elementor-section-height-default\" data-id=\"e312dd4\" data-element_type=\"section\">\n\t\t\t\t\t\t<div class=\"elementor-container elementor-column-gap-default\">\n\t\t\t\t\t<div class=\"elementor-column elementor-col-100 elementor-top-column elementor-element elementor-element-37c34fb\" data-id=\"37c34fb\" data-element_type=\"column\">\n\t\t\t<div class=\"elementor-widget-wrap elementor-element-populated\">\n\t\t\t\t\t\t\t\t<div class=\"elementor-element elementor-element-ee215b0 elementor-widget elementor-widget-image\" data-id=\"ee215b0\" data-element_type=\"widget\" data-widget_type=\"image.default\">\n\t\t\t\t<div class=\"elementor-widget-container\">\n\t\t\t<style>\/*! elementor - v3.5.6 - 28-02-2022 *\/\n.elementor-widget-image{text-align:center}.elementor-widget-image a{display:inline-block}.elementor-widget-image a img[src$=\".svg\"]{width:48px}.elementor-widget-image img{vertical-align:middle;display:inline-block}<\/style>\t\t\t\t\t\t\t\t\t\t\t\t<img width=\"511\" height=\"360\" src=\"https:\/\/www.polargenerator.com\/wp-content\/uploads\/2022\/04\/P20-hd-MBL-511x360.jpg\" class=\"attachment-medium size-medium\" alt=\"\" \/>\t\t\t\t\t\t\t\t\t\t\t\t\t\t\t<\/div>\n\t\t\t\t<\/div>\n\t\t\t\t\t<\/div>\n\t\t<\/div>\n\t\t\t\t\t\t\t<\/div>\n\t\t<\/section>\n\t\t\t\t<section class=\"elementor-section elementor-top-section elementor-element elementor-element-5af4910 elementor-section-boxed elementor-section-height-default elementor-section-height-default\" data-id=\"5af4910\" data-element_type=\"section\">\n\t\t\t\t\t\t<div class=\"elementor-container elementor-column-gap-default\">\n\t\t\t\t\t<div class=\"elementor-column elementor-col-100 elementor-top-column elementor-element elementor-element-ff85c7e\" data-id=\"ff85c7e\" data-element_type=\"column\">\n\t\t\t<div class=\"elementor-widget-wrap elementor-element-populated\">\n\t\t\t\t\t\t\t\t<div class=\"elementor-element elementor-element-a0d1060 elementor-tabs-view-horizontal elementor-widget elementor-widget-tabs\" data-id=\"a0d1060\" data-element_type=\"widget\" data-widget_type=\"tabs.default\">\n\t\t\t\t<div class=\"elementor-widget-container\">\n\t\t\t<style>\/*! elementor - v3.5.6 - 28-02-2022 *\/\n.elementor-widget-tabs.elementor-tabs-view-vertical .elementor-tabs-wrapper{width:25%;-ms-flex-negative:0;flex-shrink:0}.elementor-widget-tabs.elementor-tabs-view-vertical .elementor-tab-desktop-title.elementor-active{border-right-style:none}.elementor-widget-tabs.elementor-tabs-view-vertical .elementor-tab-desktop-title.elementor-active:after,.elementor-widget-tabs.elementor-tabs-view-vertical .elementor-tab-desktop-title.elementor-active:before{height:999em;width:0;right:0;border-right-style:solid}.elementor-widget-tabs.elementor-tabs-view-vertical .elementor-tab-desktop-title.elementor-active:before{top:0;-webkit-transform:translateY(-100%);-ms-transform:translateY(-100%);transform:translateY(-100%)}.elementor-widget-tabs.elementor-tabs-view-vertical .elementor-tab-desktop-title.elementor-active:after{top:100%}.elementor-widget-tabs.elementor-tabs-view-horizontal .elementor-tab-desktop-title{display:table-cell}.elementor-widget-tabs.elementor-tabs-view-horizontal .elementor-tab-desktop-title.elementor-active{border-bottom-style:none}.elementor-widget-tabs.elementor-tabs-view-horizontal .elementor-tab-desktop-title.elementor-active:after,.elementor-widget-tabs.elementor-tabs-view-horizontal .elementor-tab-desktop-title.elementor-active:before{bottom:0;height:0;width:999em;border-bottom-style:solid}.elementor-widget-tabs.elementor-tabs-view-horizontal .elementor-tab-desktop-title.elementor-active:before{right:100%}.elementor-widget-tabs.elementor-tabs-view-horizontal .elementor-tab-desktop-title.elementor-active:after{left:100%}.elementor-widget-tabs .elementor-tab-content,.elementor-widget-tabs .elementor-tab-title,.elementor-widget-tabs .elementor-tab-title:after,.elementor-widget-tabs .elementor-tab-title:before,.elementor-widget-tabs .elementor-tabs-content-wrapper{border:1px #d4d4d4}.elementor-widget-tabs .elementor-tabs{text-align:left}.elementor-widget-tabs .elementor-tabs-wrapper{overflow:hidden}.elementor-widget-tabs .elementor-tab-title{cursor:pointer;outline:var(--focus-outline,none)}.elementor-widget-tabs .elementor-tab-desktop-title{position:relative;padding:20px 25px;font-weight:700;line-height:1;border:solid transparent}.elementor-widget-tabs .elementor-tab-desktop-title.elementor-active{border-color:#d4d4d4}.elementor-widget-tabs .elementor-tab-desktop-title.elementor-active:after,.elementor-widget-tabs .elementor-tab-desktop-title.elementor-active:before{display:block;content:\"\";position:absolute}.elementor-widget-tabs .elementor-tab-mobile-title{padding:10px;cursor:pointer}.elementor-widget-tabs .elementor-tab-content{padding:20px;display:none}@media (max-width:767px){.elementor-tabs .elementor-tab-content,.elementor-tabs .elementor-tab-title{border-style:solid solid none}.elementor-tabs .elementor-tabs-wrapper{display:none}.elementor-tabs .elementor-tabs-content-wrapper{border-bottom-style:solid}.elementor-tabs .elementor-tab-content{padding:10px}}@media (min-width:768px){.elementor-widget-tabs.elementor-tabs-view-vertical .elementor-tabs{display:-webkit-box;display:-ms-flexbox;display:flex}.elementor-widget-tabs.elementor-tabs-view-vertical .elementor-tabs-wrapper{-webkit-box-orient:vertical;-webkit-box-direction:normal;-ms-flex-direction:column;flex-direction:column}.elementor-widget-tabs.elementor-tabs-view-vertical .elementor-tabs-content-wrapper{-webkit-box-flex:1;-ms-flex-positive:1;flex-grow:1;border-style:solid solid solid none}.elementor-widget-tabs.elementor-tabs-view-horizontal .elementor-tab-content{border-style:none solid solid}.elementor-widget-tabs.elementor-tabs-alignment-center .elementor-tabs-wrapper,.elementor-widget-tabs.elementor-tabs-alignment-end .elementor-tabs-wrapper,.elementor-widget-tabs.elementor-tabs-alignment-stretch .elementor-tabs-wrapper{display:-webkit-box;display:-ms-flexbox;display:flex}.elementor-widget-tabs.elementor-tabs-alignment-center .elementor-tabs-wrapper{-webkit-box-pack:center;-ms-flex-pack:center;justify-content:center}.elementor-widget-tabs.elementor-tabs-alignment-end .elementor-tabs-wrapper{-webkit-box-pack:end;-ms-flex-pack:end;justify-content:flex-end}.elementor-widget-tabs.elementor-tabs-alignment-stretch.elementor-tabs-view-horizontal .elementor-tab-title{width:100%}.elementor-widget-tabs.elementor-tabs-alignment-stretch.elementor-tabs-view-vertical .elementor-tab-title{height:100%}.elementor-tabs .elementor-tab-mobile-title{display:none}}<\/style>\t\t<div class=\"elementor-tabs\">\n\t\t\t<div class=\"elementor-tabs-wrapper\" role=\"tablist\" >\n\t\t\t\t\t\t\t\t\t<div id=\"elementor-tab-title-1681\" class=\"elementor-tab-title elementor-tab-desktop-title\" aria-selected=\"true\" data-tab=\"1\" role=\"tab\" tabindex=\"0\" aria-controls=\"elementor-tab-content-1681\" aria-expanded=\"false\">Technical Details<\/div>\n\t\t\t\t\t\t\t\t\t<div id=\"elementor-tab-title-1682\" class=\"elementor-tab-title elementor-tab-desktop-title\" aria-selected=\"false\" data-tab=\"2\" role=\"tab\" tabindex=\"-1\" aria-controls=\"elementor-tab-content-1682\" aria-expanded=\"false\">Technical Drawing<\/div>\n\t\t\t\t\t\t\t\t\t<div id=\"elementor-tab-title-1683\" class=\"elementor-tab-title elementor-tab-desktop-title\" aria-selected=\"false\" data-tab=\"3\" role=\"tab\" tabindex=\"-1\" aria-controls=\"elementor-tab-content-1683\" aria-expanded=\"false\">Accessories<\/div>\n\t\t\t\t\t\t\t<\/div>\n\t\t\t<div class=\"elementor-tabs-content-wrapper\" role=\"tablist\" aria-orientation=\"vertical\">\n\t\t\t\t\t\t\t\t\t<div class=\"elementor-tab-title elementor-tab-mobile-title\" aria-selected=\"true\" data-tab=\"1\" role=\"tab\" tabindex=\"0\" aria-controls=\"elementor-tab-content-1681\" aria-expanded=\"false\">Technical Details<\/div>\n\t\t\t\t\t<div id=\"elementor-tab-content-1681\" class=\"elementor-tab-content elementor-clearfix\" data-tab=\"1\" role=\"tabpanel\" aria-labelledby=\"elementor-tab-title-1681\" tabindex=\"0\" hidden=\"false\"><table style=\"height: 475px;\" width=\"391\"><tbody><tr><td><strong>Output Power<\/strong><\/td><td>20 Kva<\/td><\/tr><tr><td><strong>Continuous Power<\/strong><\/td><td>16 kW<\/td><\/tr><tr><td><strong>Voltage Stability<\/strong><\/td><td>230 V +\/- 0.5<\/td><\/tr><tr><td><strong>Frequency Stability<\/strong><\/td><td>50 Hz +\/- 0.1<\/td><\/tr><tr><td><strong>RPM Range<\/strong><\/td><td>1500 RPM<\/td><\/tr><tr><td><strong>Continuous Current<\/strong><\/td><td>69 A<\/td><\/tr><tr><td><strong>K\u0131sa S\u00fcreli Ak\u0131m @ 10 sn.<\/strong><\/td><td>195 A<\/td><\/tr><tr><td><strong>Capsule<\/strong><\/td><td>\u00c7elik<\/td><\/tr><tr><td><strong>Engine<\/strong><\/td><td>KIOTI &#8211; 4A220LW<\/td><\/tr><tr><td><strong>Sound Level dB(A) @7mt.<\/strong><\/td><td>53 dB(A)<\/td><\/tr><tr><td><strong>Dimension (L x W x H) mm<\/strong><\/td><td>1320x594x720mm<\/td><\/tr><tr><td><strong>Generator Weight<\/strong><\/td><td>410 kg<\/td><\/tr><tr><td><strong>Service Period<\/strong><\/td><td>300 Saat<\/td><\/tr><\/tbody><\/table><\/div>\n\t\t\t\t\t\t\t\t\t<div class=\"elementor-tab-title elementor-tab-mobile-title\" aria-selected=\"false\" data-tab=\"2\" role=\"tab\" tabindex=\"-1\" aria-controls=\"elementor-tab-content-1682\" aria-expanded=\"false\">Technical Drawing<\/div>\n\t\t\t\t\t<div id=\"elementor-tab-content-1682\" class=\"elementor-tab-content elementor-clearfix\" data-tab=\"2\" role=\"tabpanel\" aria-labelledby=\"elementor-tab-title-1682\" tabindex=\"0\" hidden=\"hidden\"><p><a href=\"https:\/\/polargenerator.com\/wp-content\/uploads\/2022\/04\/P20hd-MBL.pdf\" target=\"_blank\" rel=\"noopener\"><img class=\"alignnone wp-image-8807\" src=\"https:\/\/polargenerator.com\/wp-content\/uploads\/2022\/04\/file-files-pdf-icon-pdf-documents-png-512_512-360x360.png\" alt=\"\" width=\"137\" height=\"137\" \/><\/a><\/p><\/div>\n\t\t\t\t\t\t\t\t\t<div class=\"elementor-tab-title elementor-tab-mobile-title\" aria-selected=\"false\" data-tab=\"3\" role=\"tab\" tabindex=\"-1\" aria-controls=\"elementor-tab-content-1683\" aria-expanded=\"false\">Accessories<\/div>\n\t\t\t\t\t<div id=\"elementor-tab-content-1683\" class=\"elementor-tab-content elementor-clearfix\" data-tab=\"3\" role=\"tabpanel\" aria-labelledby=\"elementor-tab-title-1683\" tabindex=\"0\" hidden=\"hidden\"><p>Content is preparing<\/p><\/div>\n\t\t\t\t\t\t\t<\/div>\n\t\t<\/div>\n\t\t\t\t<\/div>\n\t\t\t\t<\/div>\n\t\t\t\t\t<\/div>\n\t\t<\/div>\n\t\t\t\t\t\t\t<\/div>\n\t\t<\/section>\n\t\t\t\t\t\t<\/div>\n\t\t\t\t\t<\/div>","protected":false},"excerpt":{"rendered":"<p>Teknik Detaylar Teknik \u00c7izim Aksesuarlar Teknik Detaylar \u00c7\u0131k\u0131\u015f G\u00fcc\u00fc 20 Kva S\u00fcrekli G\u00fc\u00e7 16 kW Voltaj Stabilite 230 V +\/- 0.5 Frekans Stabilite 50 Hz +\/- 0.1 Devir Aral\u0131\u011f\u0131 1500 RPM S\u00fcrekli Ak\u0131m 69 A K\u0131sa S\u00fcreli Ak\u0131m @ 10 sn. 195 A Kaps\u00fcl \u00c7elik Motor KIOTI &#8211; 4A220LW Ses Seviyesi @ dB(A) 7 mt. &hellip; <a href=\"https:\/\/www.polargenerator.com\/en\/polar-p20hd-mbl\/\" class=\"more-link\">Continue reading <span class=\"screen-reader-text\">Polar P20hd MBL<\/span><\/a><\/p>","protected":false},"author":2,"featured_media":0,"parent":0,"menu_order":0,"comment_status":"closed","ping_status":"closed","template":"","meta":{"_vp_format_video_url":"","_vp_image_focal_point":[]},"_links":{"self":[{"href":"https:\/\/www.polargenerator.com\/en\/wp-json\/wp\/v2\/pages\/8986"}],"collection":[{"href":"https:\/\/www.polargenerator.com\/en\/wp-json\/wp\/v2\/pages"}],"about":[{"href":"https:\/\/www.polargenerator.com\/en\/wp-json\/wp\/v2\/types\/page"}],"author":[{"embeddable":true,"href":"https:\/\/www.polargenerator.com\/en\/wp-json\/wp\/v2\/users\/2"}],"replies":[{"embeddable":true,"href":"https:\/\/www.polargenerator.com\/en\/wp-json\/wp\/v2\/comments?post=8986"}],"version-history":[{"count":0,"href":"https:\/\/www.polargenerator.com\/en\/wp-json\/wp\/v2\/pages\/8986\/revisions"}],"wp:attachment":[{"href":"https:\/\/www.polargenerator.com\/en\/wp-json\/wp\/v2\/media?parent=8986"}],"curies":[{"name":"wp","href":"https:\/\/api.w.org\/{rel}","templated":true}]}}